{"id":104,"date":"2020-10-07T07:59:03","date_gmt":"2020-10-07T07:59:03","guid":{"rendered":"http:\/\/www.vaclavfaltus.cz\/?page_id=104"},"modified":"2024-08-22T18:00:36","modified_gmt":"2024-08-22T18:00:36","slug":"o-mne","status":"publish","type":"page","link":"https:\/\/www.vaclavfaltus.cz\/?page_id=104","title":{"rendered":"O mn\u011b"},"content":{"rendered":"\t\t<div data-elementor-type=\"wp-page\" data-elementor-id=\"104\" class=\"elementor elementor-104\">\n\t\t\t\t\t\t\t\t\t<section class=\"elementor-section elementor-top-section elementor-element elementor-element-fbc1a74 elementor-section-boxed elementor-section-height-default elementor-section-height-default\" data-id=\"fbc1a74\" data-element_type=\"section\">\n\t\t\t\t\t\t<div class=\"elementor-container elementor-column-gap-no\">\n\t\t\t\t\t<div class=\"elementor-column elementor-col-100 elementor-top-column elementor-element elementor-element-7ca68b6\" data-id=\"7ca68b6\" data-element_type=\"column\">\n\t\t\t<div class=\"elementor-widget-wrap elementor-element-populated\">\n\t\t\t\t\t\t\t\t<div class=\"elementor-element elementor-element-f5479ae elementor-widget__width-auto elementor-widget elementor-widget-heading\" data-id=\"f5479ae\" data-element_type=\"widget\" data-widget_type=\"heading.default\">\n\t\t\t\t<div class=\"elementor-widget-container\">\n\t\t\t<style>\/*! elementor - v3.6.2 - 04-04-2022 *\/\n.elementor-heading-title{padding:0;margin:0;line-height:1}.elementor-widget-heading .elementor-heading-title[class*=elementor-size-]>a{color:inherit;font-size:inherit;line-height:inherit}.elementor-widget-heading .elementor-heading-title.elementor-size-small{font-size:15px}.elementor-widget-heading .elementor-heading-title.elementor-size-medium{font-size:19px}.elementor-widget-heading .elementor-heading-title.elementor-size-large{font-size:29px}.elementor-widget-heading .elementor-heading-title.elementor-size-xl{font-size:39px}.elementor-widget-heading .elementor-heading-title.elementor-size-xxl{font-size:59px}<\/style><h2 class=\"elementor-heading-title elementor-size-default\">O mn\u011b<\/h2>\t\t<\/div>\n\t\t\t\t<\/div>\n\t\t\t\t<div class=\"elementor-element elementor-element-5c9a169 elementor-widget elementor-widget-spacer\" data-id=\"5c9a169\" data-element_type=\"widget\" data-widget_type=\"spacer.default\">\n\t\t\t\t<div class=\"elementor-widget-container\">\n\t\t\t<style>\/*! elementor - v3.6.2 - 04-04-2022 *\/\n.e-container.e-container--row .elementor-spacer-inner{width:var(--spacer-size)}.e-container.e-container--column .elementor-spacer-inner,.elementor-column .elementor-spacer-inner{height:var(--spacer-size)}<\/style>\t\t<div class=\"elementor-spacer\">\n\t\t\t<div class=\"elementor-spacer-inner\"><\/div>\n\t\t<\/div>\n\t\t\t\t<\/div>\n\t\t\t\t<\/div>\n\t\t\t\t<div class=\"elementor-element elementor-element-b61f6b3 elementor-widget elementor-widget-text-editor\" data-id=\"b61f6b3\" data-element_type=\"widget\" data-widget_type=\"text-editor.default\">\n\t\t\t\t<div class=\"elementor-widget-container\">\n\t\t\t<style>\/*! elementor - v3.6.2 - 04-04-2022 *\/\n.elementor-widget-text-editor.elementor-drop-cap-view-stacked .elementor-drop-cap{background-color:#818a91;color:#fff}.elementor-widget-text-editor.elementor-drop-cap-view-framed .elementor-drop-cap{color:#818a91;border:3px solid;background-color:transparent}.elementor-widget-text-editor:not(.elementor-drop-cap-view-default) .elementor-drop-cap{margin-top:8px}.elementor-widget-text-editor:not(.elementor-drop-cap-view-default) .elementor-drop-cap-letter{width:1em;height:1em}.elementor-widget-text-editor .elementor-drop-cap{float:left;text-align:center;line-height:1;font-size:50px}.elementor-widget-text-editor .elementor-drop-cap-letter{display:inline-block}<\/style>\t\t\t\t<p>V\u00e1clav Faltus je nejen skv\u011bl\u00fd dab\u00e9r, bavi\u010d a p\u0159edn\u00ed \u010desk\u00fd imit\u00e1tor, ale tak\u00e9 osobnost, kter\u00e1 sv\u00fdm jedine\u010dn\u00fdm talentem p\u0159in\u00e1\u0161\u00ed radost a sm\u00edch do ka\u017edodenn\u00edho \u017eivota tis\u00edc\u016f lid\u00ed. Narodil se 12. \u00fanora 1956 v \u00dast\u00ed nad Orlic\u00ed a sv\u00e9 d\u011btstv\u00ed a ml\u00e1d\u00ed pro\u017eil ve v\u00fdchodo\u010desk\u00e9m Letohradu, kde tak\u00e9 dodnes \u017eije. U\u017e od \u00fatl\u00e9ho v\u011bku se u n\u011bj projevoval mimo\u0159\u00e1dn\u00fd talent pro napodobov\u00e1n\u00ed hlas\u016f a jeho z\u00e1liba v t\u00e9to oblasti se stala jeho celo\u017eivotn\u00edm posl\u00e1n\u00edm.<\/p><p>Jeho prvn\u00ed ve\u0159ejn\u00e9 vystoupen\u00ed v roce 1980 okam\u017eit\u011b vzbudilo pozornost a nad\u0161en\u00ed publika, a tak za\u010dala jeho strm\u00e1 kari\u00e9ra. D\u00edky sv\u00e9 schopnosti p\u0159esn\u011b napodobit hlasy a charaktery zn\u00e1m\u00fdch osobnost\u00ed si rychle z\u00edskal oblibu nejen na p\u00f3di\u00edch, ale i v televizi, kde \u00fa\u010dinkoval v mnoha popul\u00e1rn\u00edch po\u0159adech. Jeho talent mu umo\u017enil zvl\u00e1dnout napodobit 257 hlas\u016f zn\u00e1m\u00fdch herc\u016f, zp\u011bv\u00e1k\u016f, politik\u016f a dal\u0161\u00edch osobnost\u00ed. Prvn\u00ed postava, kterou se nau\u010dil dokonale napodobovat, byl legend\u00e1rn\u00ed Vlasta Burian, na jeho\u017e imitaci pracoval neuv\u011b\u0159iteln\u00e9 dva roky.<\/p><p>V\u00e1clav Faltus je zn\u00e1m\u00fd nejen sv\u00fdm talentem, ale tak\u00e9 svou srde\u010dnost\u00ed a ochotou pom\u00e1hat. Od roku 2014 je patronem dobro\u010dinn\u00e9ho projektu Daruj \u00fasm\u011bv, jeho\u017e prost\u0159ednictv\u00edm podporuje r\u016fzn\u00e9 charitativn\u00ed aktivity a p\u0159in\u00e1\u0161\u00ed radost t\u011bm, kte\u0159\u00ed ji pot\u0159ebuj\u00ed nejv\u00edce.<\/p><p>Dnes je V\u00e1clav Faltus respektovanou osobnost\u00ed ve sv\u00e9m oboru a jeho pr\u00e1ce je z\u00e1rukou kvalitn\u00ed z\u00e1bavy a nezapomenuteln\u00fdch z\u00e1\u017eitk\u016f pro div\u00e1ky v\u0161ech v\u011bkov\u00fdch kategori\u00ed. S v\u00edce ne\u017e t\u0159emi des\u00edtkami let na sc\u00e9n\u011b je jeho jm\u00e9no synonymem pro humor, pohodu a dokonal\u00e9 napodobov\u00e1n\u00ed, kter\u00e9 bav\u00ed cel\u00e9 generace.<\/p>\t\t\t\t\t\t<\/div>\n\t\t\t\t<\/div>\n\t\t\t\t<div class=\"elementor-element elementor-element-2ad9f27 elementor-align-center elementor-widget elementor-widget-button\" data-id=\"2ad9f27\" data-element_type=\"widget\" data-widget_type=\"button.default\">\n\t\t\t\t<div class=\"elementor-widget-container\">\n\t\t\t\t\t<div class=\"elementor-button-wrapper\">\n\t\t\t<a href=\"https:\/\/darujusmev.cz\/\" target=\"_blank\" class=\"elementor-button-link elementor-button elementor-size-sm\" role=\"button\">\n\t\t\t\t\t\t<span class=\"elementor-button-content-wrapper\">\n\t\t\t\t\t\t<span class=\"elementor-button-text\">Daruj \u00fasm\u011bv z.s.<\/span>\n\t\t<\/span>\n\t\t\t\t\t<\/a>\n\t\t<\/div>\n\t\t\t\t<\/div>\n\t\t\t\t<\/div>\n\t\t\t\t\t<\/div>\n\t\t<\/div>\n\t\t\t\t\t\t\t<\/div>\n\t\t<\/section>\n\t\t\t\t<section class=\"elementor-section elementor-top-section elementor-element elementor-element-403e5a5 elementor-section-content-middle elementor-section-height-min-height elementor-section-boxed elementor-section-height-default elementor-section-items-middle\" data-id=\"403e5a5\" data-element_type=\"section\">\n\t\t\t\t\t\t<div class=\"elementor-container elementor-column-gap-no\">\n\t\t\t\t\t<div class=\"elementor-column elementor-col-33 elementor-top-column elementor-element elementor-element-c5544d5\" data-id=\"c5544d5\" data-element_type=\"column\">\n\t\t\t<div class=\"elementor-widget-wrap elementor-element-populated\">\n\t\t\t\t\t\t\t\t<div class=\"elementor-element elementor-element-b5ca7ea elementor-widget elementor-widget-image\" data-id=\"b5ca7ea\" data-element_type=\"widget\" data-widget_type=\"image.default\">\n\t\t\t\t<div class=\"elementor-widget-container\">\n\t\t\t<style>\/*! elementor - v3.6.2 - 04-04-2022 *\/\n.elementor-widget-image{text-align:center}.elementor-widget-image a{display:inline-block}.elementor-widget-image a img[src$=\".svg\"]{width:48px}.elementor-widget-image img{vertical-align:middle;display:inline-block}<\/style>\t\t\t\t\t\t\t\t\t\t\t\t<img loading=\"lazy\" decoding=\"async\" width=\"438\" height=\"293\" src=\"https:\/\/www.vaclavfaltus.cz\/wp-content\/uploads\/2022\/04\/1302828_narozeniny-video-faltus-zeman-klaus-havel.jpg\" class=\"attachment-large size-large\" alt=\"\" srcset=\"https:\/\/www.vaclavfaltus.cz\/wp-content\/uploads\/2022\/04\/1302828_narozeniny-video-faltus-zeman-klaus-havel.jpg 438w, https:\/\/www.vaclavfaltus.cz\/wp-content\/uploads\/2022\/04\/1302828_narozeniny-video-faltus-zeman-klaus-havel-300x201.jpg 300w\" sizes=\"auto, (max-width: 438px) 100vw, 438px\" \/>\t\t\t\t\t\t\t\t\t\t\t\t\t\t\t<\/div>\n\t\t\t\t<\/div>\n\t\t\t\t\t<\/div>\n\t\t<\/div>\n\t\t\t\t<div class=\"elementor-column elementor-col-33 elementor-top-column elementor-element elementor-element-2a04e4b\" data-id=\"2a04e4b\" data-element_type=\"column\">\n\t\t\t<div class=\"elementor-widget-wrap elementor-element-populated\">\n\t\t\t\t\t\t\t\t<section class=\"elementor-section elementor-inner-section elementor-element elementor-element-1828630 elementor-section-content-bottom elementor-section-boxed elementor-section-height-default elementor-section-height-default\" data-id=\"1828630\" data-element_type=\"section\">\n\t\t\t\t\t\t<div class=\"elementor-container elementor-column-gap-no\">\n\t\t\t\t\t<div class=\"elementor-column elementor-col-66 elementor-inner-column elementor-element elementor-element-e8ef21b\" data-id=\"e8ef21b\" data-element_type=\"column\">\n\t\t\t<div class=\"elementor-widget-wrap elementor-element-populated\">\n\t\t\t\t\t\t\t\t<div class=\"elementor-element elementor-element-14f92fc elementor-widget elementor-widget-image\" data-id=\"14f92fc\" data-element_type=\"widget\" data-widget_type=\"image.default\">\n\t\t\t\t<div class=\"elementor-widget-container\">\n\t\t\t\t\t\t\t\t\t\t\t\t\t\t\t<img loading=\"lazy\" decoding=\"async\" width=\"1024\" height=\"680\" src=\"https:\/\/www.vaclavfaltus.cz\/wp-content\/uploads\/2022\/04\/10-1024x680.jpg\" class=\"attachment-large size-large\" alt=\"\" srcset=\"https:\/\/www.vaclavfaltus.cz\/wp-content\/uploads\/2022\/04\/10-1024x680.jpg 1024w, https:\/\/www.vaclavfaltus.cz\/wp-content\/uploads\/2022\/04\/10-300x199.jpg 300w, https:\/\/www.vaclavfaltus.cz\/wp-content\/uploads\/2022\/04\/10-768x510.jpg 768w, https:\/\/www.vaclavfaltus.cz\/wp-content\/uploads\/2022\/04\/10-1536x1021.jpg 1536w, https:\/\/www.vaclavfaltus.cz\/wp-content\/uploads\/2022\/04\/10-2048x1361.jpg 2048w\" sizes=\"auto, (max-width: 1024px) 100vw, 1024px\" \/>\t\t\t\t\t\t\t\t\t\t\t\t\t\t\t<\/div>\n\t\t\t\t<\/div>\n\t\t\t\t\t<\/div>\n\t\t<\/div>\n\t\t\t\t<div class=\"elementor-column elementor-col-33 elementor-inner-column elementor-element elementor-element-5c9ee34\" data-id=\"5c9ee34\" data-element_type=\"column\">\n\t\t\t<div class=\"elementor-widget-wrap elementor-element-populated\">\n\t\t\t\t\t\t\t\t<div class=\"elementor-element elementor-element-91cb99b elementor-widget elementor-widget-image\" data-id=\"91cb99b\" data-element_type=\"widget\" data-widget_type=\"image.default\">\n\t\t\t\t<div class=\"elementor-widget-container\">\n\t\t\t\t\t\t\t\t\t\t\t\t\t\t\t<img loading=\"lazy\" decoding=\"async\" width=\"300\" height=\"150\" src=\"https:\/\/www.vaclavfaltus.cz\/wp-content\/uploads\/2022\/04\/734063_498999143469667_654242088_n-300x150.jpg\" class=\"attachment-medium size-medium\" alt=\"\" srcset=\"https:\/\/www.vaclavfaltus.cz\/wp-content\/uploads\/2022\/04\/734063_498999143469667_654242088_n-300x150.jpg 300w, https:\/\/www.vaclavfaltus.cz\/wp-content\/uploads\/2022\/04\/734063_498999143469667_654242088_n.jpg 720w\" sizes=\"auto, (max-width: 300px) 100vw, 300px\" \/>\t\t\t\t\t\t\t\t\t\t\t\t\t\t\t<\/div>\n\t\t\t\t<\/div>\n\t\t\t\t\t<\/div>\n\t\t<\/div>\n\t\t\t\t\t\t\t<\/div>\n\t\t<\/section>\n\t\t\t\t<section class=\"elementor-section elementor-inner-section elementor-element elementor-element-e89c924 elementor-section-content-top elementor-section-boxed elementor-section-height-default elementor-section-height-default\" data-id=\"e89c924\" data-element_type=\"section\">\n\t\t\t\t\t\t<div class=\"elementor-container elementor-column-gap-no\">\n\t\t\t\t\t<div class=\"elementor-column elementor-col-33 elementor-inner-column elementor-element elementor-element-5358405\" data-id=\"5358405\" data-element_type=\"column\">\n\t\t\t<div class=\"elementor-widget-wrap elementor-element-populated\">\n\t\t\t\t\t\t\t\t<div class=\"elementor-element elementor-element-ecae44a elementor-widget elementor-widget-image\" data-id=\"ecae44a\" data-element_type=\"widget\" data-widget_type=\"image.default\">\n\t\t\t\t<div class=\"elementor-widget-container\">\n\t\t\t\t\t\t\t\t\t\t\t\t\t\t\t<img loading=\"lazy\" decoding=\"async\" width=\"530\" height=\"360\" src=\"https:\/\/www.vaclavfaltus.cz\/wp-content\/uploads\/2022\/04\/DSC4561-e1724343711937.jpg\" class=\"attachment-large size-large\" alt=\"\" srcset=\"https:\/\/www.vaclavfaltus.cz\/wp-content\/uploads\/2022\/04\/DSC4561-e1724343711937.jpg 530w, https:\/\/www.vaclavfaltus.cz\/wp-content\/uploads\/2022\/04\/DSC4561-e1724343711937-300x204.jpg 300w\" sizes=\"auto, (max-width: 530px) 100vw, 530px\" \/>\t\t\t\t\t\t\t\t\t\t\t\t\t\t\t<\/div>\n\t\t\t\t<\/div>\n\t\t\t\t\t<\/div>\n\t\t<\/div>\n\t\t\t\t<div class=\"elementor-column elementor-col-66 elementor-inner-column elementor-element elementor-element-0c83216\" data-id=\"0c83216\" data-element_type=\"column\">\n\t\t\t<div class=\"elementor-widget-wrap elementor-element-populated\">\n\t\t\t\t\t\t\t\t<div class=\"elementor-element elementor-element-27d6b78 elementor-widget elementor-widget-image\" data-id=\"27d6b78\" data-element_type=\"widget\" data-widget_type=\"image.default\">\n\t\t\t\t<div class=\"elementor-widget-container\">\n\t\t\t\t\t\t\t\t\t\t\t\t\t\t\t<img loading=\"lazy\" decoding=\"async\" width=\"1024\" height=\"668\" src=\"https:\/\/www.vaclavfaltus.cz\/wp-content\/uploads\/2022\/04\/1935674_-1024x668.jpg\" class=\"attachment-large size-large\" alt=\"\" srcset=\"https:\/\/www.vaclavfaltus.cz\/wp-content\/uploads\/2022\/04\/1935674_-1024x668.jpg 1024w, https:\/\/www.vaclavfaltus.cz\/wp-content\/uploads\/2022\/04\/1935674_-300x196.jpg 300w, https:\/\/www.vaclavfaltus.cz\/wp-content\/uploads\/2022\/04\/1935674_-768x501.jpg 768w, https:\/\/www.vaclavfaltus.cz\/wp-content\/uploads\/2022\/04\/1935674_.jpg 1200w\" sizes=\"auto, (max-width: 1024px) 100vw, 1024px\" \/>\t\t\t\t\t\t\t\t\t\t\t\t\t\t\t<\/div>\n\t\t\t\t<\/div>\n\t\t\t\t\t<\/div>\n\t\t<\/div>\n\t\t\t\t\t\t\t<\/div>\n\t\t<\/section>\n\t\t\t\t\t<\/div>\n\t\t<\/div>\n\t\t\t\t<div class=\"elementor-column elementor-col-33 elementor-top-column elementor-element elementor-element-b4abdf3\" data-id=\"b4abdf3\" data-element_type=\"column\">\n\t\t\t<div class=\"elementor-widget-wrap elementor-element-populated\">\n\t\t\t\t\t\t\t\t<div class=\"elementor-element elementor-element-94b2ec0 elementor-widget elementor-widget-image\" data-id=\"94b2ec0\" data-element_type=\"widget\" data-widget_type=\"image.default\">\n\t\t\t\t<div class=\"elementor-widget-container\">\n\t\t\t\t\t\t\t\t\t\t\t\t\t\t\t<img loading=\"lazy\" decoding=\"async\" width=\"697\" height=\"1024\" src=\"https:\/\/www.vaclavfaltus.cz\/wp-content\/uploads\/2022\/04\/1935670_-697x1024.jpg\" class=\"attachment-large size-large\" alt=\"\" srcset=\"https:\/\/www.vaclavfaltus.cz\/wp-content\/uploads\/2022\/04\/1935670_-697x1024.jpg 697w, https:\/\/www.vaclavfaltus.cz\/wp-content\/uploads\/2022\/04\/1935670_-204x300.jpg 204w, https:\/\/www.vaclavfaltus.cz\/wp-content\/uploads\/2022\/04\/1935670_-768x1128.jpg 768w, https:\/\/www.vaclavfaltus.cz\/wp-content\/uploads\/2022\/04\/1935670_-1045x1536.jpg 1045w, https:\/\/www.vaclavfaltus.cz\/wp-content\/uploads\/2022\/04\/1935670_.jpg 1089w\" sizes=\"auto, (max-width: 697px) 100vw, 697px\" \/>\t\t\t\t\t\t\t\t\t\t\t\t\t\t\t<\/div>\n\t\t\t\t<\/div>\n\t\t\t\t\t<\/div>\n\t\t<\/div>\n\t\t\t\t\t\t\t<\/div>\n\t\t<\/section>\n\t\t\t\t\t\t\t<\/div>\n\t\t","protected":false},"excerpt":{"rendered":"<p>O mn\u011b V\u00e1clav Faltus je nejen skv\u011bl\u00fd dab\u00e9r, bavi\u010d a p\u0159edn\u00ed \u010desk\u00fd imit\u00e1tor, ale tak\u00e9 osobnost, kter\u00e1 sv\u00fdm jedine\u010dn\u00fdm talentem p\u0159in\u00e1\u0161\u00ed radost a sm\u00edch do ka\u017edodenn\u00edho \u017eivota tis\u00edc\u016f lid\u00ed. Narodil se 12. \u00fanora 1956 v \u00dast\u00ed nad Orlic\u00ed a sv\u00e9 d\u011btstv\u00ed a ml\u00e1d\u00ed pro\u017eil ve v\u00fdchodo\u010desk\u00e9m Letohradu, kde tak\u00e9 dodnes \u017eije. U\u017e od \u00fatl\u00e9ho v\u011bku &hellip;<\/p>\n<p class=\"read-more\"> <a class=\"\" href=\"https:\/\/www.vaclavfaltus.cz\/?page_id=104\"> <span class=\"screen-reader-text\">O mn\u011b<\/span> Pokra\u010dovat ve \u010dten\u00ed &raquo;<\/a><\/p>\n","protected":false},"author":1,"featured_media":0,"parent":0,"menu_order":0,"comment_status":"closed","ping_status":"closed","template":"","meta":{"site-sidebar-layout":"no-sidebar","site-content-layout":"page-builder","ast-main-header-display":"","ast-hfb-above-header-display":"","ast-hfb-below-header-display":"","ast-hfb-mobile-header-display":"","site-post-title":"disabled","ast-breadcrumbs-content":"","ast-featured-img":"disabled","footer-sml-layout":"","theme-transparent-header-meta":"default","adv-header-id-meta":"","stick-header-meta":"","header-above-stick-meta":"","header-main-stick-meta":"","header-below-stick-meta":"","footnotes":""},"class_list":["post-104","page","type-page","status-publish","hentry"],"_links":{"self":[{"href":"https:\/\/www.vaclavfaltus.cz\/index.php?rest_route=\/wp\/v2\/pages\/104","targetHints":{"allow":["GET"]}}],"collection":[{"href":"https:\/\/www.vaclavfaltus.cz\/index.php?rest_route=\/wp\/v2\/pages"}],"about":[{"href":"https:\/\/www.vaclavfaltus.cz\/index.php?rest_route=\/wp\/v2\/types\/page"}],"author":[{"embeddable":true,"href":"https:\/\/www.vaclavfaltus.cz\/index.php?rest_route=\/wp\/v2\/users\/1"}],"replies":[{"embeddable":true,"href":"https:\/\/www.vaclavfaltus.cz\/index.php?rest_route=%2Fwp%2Fv2%2Fcomments&post=104"}],"version-history":[{"count":38,"href":"https:\/\/www.vaclavfaltus.cz\/index.php?rest_route=\/wp\/v2\/pages\/104\/revisions"}],"predecessor-version":[{"id":24768,"href":"https:\/\/www.vaclavfaltus.cz\/index.php?rest_route=\/wp\/v2\/pages\/104\/revisions\/24768"}],"wp:attachment":[{"href":"https:\/\/www.vaclavfaltus.cz\/index.php?rest_route=%2Fwp%2Fv2%2Fmedia&parent=104"}],"curies":[{"name":"wp","href":"https:\/\/api.w.org\/{rel}","templated":true}]}}