{"id":24254,"date":"2020-10-08T07:43:07","date_gmt":"2020-10-08T07:43:07","guid":{"rendered":"http:\/\/www.vaclavfaltus.cz\/?page_id=24254"},"modified":"2024-08-22T17:44:57","modified_gmt":"2024-08-22T17:44:57","slug":"nabidka","status":"publish","type":"page","link":"https:\/\/www.vaclavfaltus.cz\/?page_id=24254","title":{"rendered":"Nab\u00eddka"},"content":{"rendered":"\t\t<div data-elementor-type=\"wp-page\" data-elementor-id=\"24254\" class=\"elementor elementor-24254\">\n\t\t\t\t\t\t\t\t\t<section class=\"elementor-section elementor-top-section elementor-element elementor-element-fe83d6a elementor-section-boxed elementor-section-height-default elementor-section-height-default\" data-id=\"fe83d6a\" data-element_type=\"section\">\n\t\t\t\t\t\t<div class=\"elementor-container elementor-column-gap-default\">\n\t\t\t\t\t<div class=\"elementor-column elementor-col-100 elementor-top-column elementor-element elementor-element-a905904\" data-id=\"a905904\" data-element_type=\"column\">\n\t\t\t<div class=\"elementor-widget-wrap elementor-element-populated\">\n\t\t\t\t\t\t\t\t<div class=\"elementor-element elementor-element-f25e388 elementor-widget elementor-widget-spacer\" data-id=\"f25e388\" data-element_type=\"widget\" data-widget_type=\"spacer.default\">\n\t\t\t\t<div class=\"elementor-widget-container\">\n\t\t\t<style>\/*! elementor - v3.6.2 - 04-04-2022 *\/\n.e-container.e-container--row .elementor-spacer-inner{width:var(--spacer-size)}.e-container.e-container--column .elementor-spacer-inner,.elementor-column .elementor-spacer-inner{height:var(--spacer-size)}<\/style>\t\t<div class=\"elementor-spacer\">\n\t\t\t<div class=\"elementor-spacer-inner\"><\/div>\n\t\t<\/div>\n\t\t\t\t<\/div>\n\t\t\t\t<\/div>\n\t\t\t\t<div class=\"elementor-element elementor-element-07c0c61 elementor-widget elementor-widget-heading\" data-id=\"07c0c61\" data-element_type=\"widget\" data-widget_type=\"heading.default\">\n\t\t\t\t<div class=\"elementor-widget-container\">\n\t\t\t<style>\/*! elementor - v3.6.2 - 04-04-2022 *\/\n.elementor-heading-title{padding:0;margin:0;line-height:1}.elementor-widget-heading .elementor-heading-title[class*=elementor-size-]>a{color:inherit;font-size:inherit;line-height:inherit}.elementor-widget-heading .elementor-heading-title.elementor-size-small{font-size:15px}.elementor-widget-heading .elementor-heading-title.elementor-size-medium{font-size:19px}.elementor-widget-heading .elementor-heading-title.elementor-size-large{font-size:29px}.elementor-widget-heading .elementor-heading-title.elementor-size-xl{font-size:39px}.elementor-widget-heading .elementor-heading-title.elementor-size-xxl{font-size:59px}<\/style><h2 class=\"elementor-heading-title elementor-size-default\">Nab\u00eddka<\/h2>\t\t<\/div>\n\t\t\t\t<\/div>\n\t\t\t\t\t<\/div>\n\t\t<\/div>\n\t\t\t\t\t\t\t<\/div>\n\t\t<\/section>\n\t\t\t\t<section class=\"elementor-section elementor-top-section elementor-element elementor-element-a3cd107 elementor-section-boxed elementor-section-height-default elementor-section-height-default\" data-id=\"a3cd107\" data-element_type=\"section\">\n\t\t\t\t\t\t<div class=\"elementor-container elementor-column-gap-default\">\n\t\t\t\t\t<div class=\"elementor-column elementor-col-50 elementor-top-column elementor-element elementor-element-ba2b559\" data-id=\"ba2b559\" data-element_type=\"column\">\n\t\t\t<div class=\"elementor-widget-wrap elementor-element-populated\">\n\t\t\t\t\t\t\t\t<div class=\"elementor-element elementor-element-12db627 elementor-widget elementor-widget-spacer\" data-id=\"12db627\" data-element_type=\"widget\" data-widget_type=\"spacer.default\">\n\t\t\t\t<div class=\"elementor-widget-container\">\n\t\t\t\t\t<div class=\"elementor-spacer\">\n\t\t\t<div class=\"elementor-spacer-inner\"><\/div>\n\t\t<\/div>\n\t\t\t\t<\/div>\n\t\t\t\t<\/div>\n\t\t\t\t<div class=\"elementor-element elementor-element-c41404f elementor-widget elementor-widget-image\" data-id=\"c41404f\" data-element_type=\"widget\" data-widget_type=\"image.default\">\n\t\t\t\t<div class=\"elementor-widget-container\">\n\t\t\t<style>\/*! elementor - v3.6.2 - 04-04-2022 *\/\n.elementor-widget-image{text-align:center}.elementor-widget-image a{display:inline-block}.elementor-widget-image a img[src$=\".svg\"]{width:48px}.elementor-widget-image img{vertical-align:middle;display:inline-block}<\/style>\t\t\t\t\t\t\t\t\t\t\t\t<img loading=\"lazy\" decoding=\"async\" width=\"1024\" height=\"724\" src=\"https:\/\/www.vaclavfaltus.cz\/wp-content\/uploads\/2024\/08\/Plakat-1024x724.png\" class=\"attachment-large size-large\" alt=\"\" srcset=\"https:\/\/www.vaclavfaltus.cz\/wp-content\/uploads\/2024\/08\/Plakat-1024x724.png 1024w, https:\/\/www.vaclavfaltus.cz\/wp-content\/uploads\/2024\/08\/Plakat-300x212.png 300w, https:\/\/www.vaclavfaltus.cz\/wp-content\/uploads\/2024\/08\/Plakat-768x543.png 768w, https:\/\/www.vaclavfaltus.cz\/wp-content\/uploads\/2024\/08\/Plakat-1536x1086.png 1536w, https:\/\/www.vaclavfaltus.cz\/wp-content\/uploads\/2024\/08\/Plakat.png 2000w\" sizes=\"auto, (max-width: 1024px) 100vw, 1024px\" \/>\t\t\t\t\t\t\t\t\t\t\t\t\t\t\t<\/div>\n\t\t\t\t<\/div>\n\t\t\t\t\t<\/div>\n\t\t<\/div>\n\t\t\t\t<div class=\"elementor-column elementor-col-50 elementor-top-column elementor-element elementor-element-7ea85c0\" data-id=\"7ea85c0\" data-element_type=\"column\">\n\t\t\t<div class=\"elementor-widget-wrap elementor-element-populated\">\n\t\t\t\t\t\t\t\t<div class=\"elementor-element elementor-element-9ded2d1 elementor-widget elementor-widget-spacer\" data-id=\"9ded2d1\" data-element_type=\"widget\" data-widget_type=\"spacer.default\">\n\t\t\t\t<div class=\"elementor-widget-container\">\n\t\t\t\t\t<div class=\"elementor-spacer\">\n\t\t\t<div class=\"elementor-spacer-inner\"><\/div>\n\t\t<\/div>\n\t\t\t\t<\/div>\n\t\t\t\t<\/div>\n\t\t\t\t<div class=\"elementor-element elementor-element-a8288d1 elementor-widget elementor-widget-heading\" data-id=\"a8288d1\" data-element_type=\"widget\" data-widget_type=\"heading.default\">\n\t\t\t\t<div class=\"elementor-widget-container\">\n\t\t\t<h3 class=\"elementor-heading-title elementor-size-default\">Imit\u00e1torsk\u00e1 show s kouzeln\u00edkem<\/h3>\t\t<\/div>\n\t\t\t\t<\/div>\n\t\t\t\t<div class=\"elementor-element elementor-element-64385f6 elementor-widget elementor-widget-text-editor\" data-id=\"64385f6\" data-element_type=\"widget\" data-widget_type=\"text-editor.default\">\n\t\t\t\t<div class=\"elementor-widget-container\">\n\t\t\t<style>\/*! elementor - v3.6.2 - 04-04-2022 *\/\n.elementor-widget-text-editor.elementor-drop-cap-view-stacked .elementor-drop-cap{background-color:#818a91;color:#fff}.elementor-widget-text-editor.elementor-drop-cap-view-framed .elementor-drop-cap{color:#818a91;border:3px solid;background-color:transparent}.elementor-widget-text-editor:not(.elementor-drop-cap-view-default) .elementor-drop-cap{margin-top:8px}.elementor-widget-text-editor:not(.elementor-drop-cap-view-default) .elementor-drop-cap-letter{width:1em;height:1em}.elementor-widget-text-editor .elementor-drop-cap{float:left;text-align:center;line-height:1;font-size:50px}.elementor-widget-text-editor .elementor-drop-cap-letter{display:inline-block}<\/style>\t\t\t\t<p><strong>Co po\u0159ad obsahuje?<\/strong><\/p><ul type=\"disc\"><li><strong>V\u00e1clav Faltus \u2013 imit\u00e1tor a bavi\u010d:<\/strong>\u00a0Mistr imitace a humoru, kter\u00fd sv\u00fdmi dokonal\u00fdmi napodobeninami hlas\u016f zn\u00e1m\u00fdch osobnost\u00ed rozesm\u011bje publikum a p\u0159inese vzpom\u00ednky na obl\u00edben\u00e9 postavy z televizn\u00edch obrazovek a r\u00e1di\u00ed.<\/li><li><strong>Ale\u0161 Krej\u010d\u00ed \u2013 kouzeln\u00edk a iluzionista:<\/strong>\u00a0Zku\u0161en\u00fd kouzeln\u00edk V\u00e1s vt\u00e1hne do sv\u011bta iluz\u00ed a magie. Jeho triky osln\u00ed a zaujmou jak dosp\u011bl\u00e9, tak i ty nejmen\u0161\u00ed, a p\u0159inesou do programu prvky p\u0159ekvapen\u00ed a radosti.\u00a0<a href=\"https:\/\/aleskrejci.com\/\" target=\"_blank\" rel=\"noopener\">www.aleskrejci.com<\/a><\/li><\/ul><p>V tomto 60minutov\u00e9m vystoupen\u00ed se oba protagonist\u00e9 st\u0159\u00eddaj\u00ed, co\u017e udr\u017euje program dynamick\u00fd a z\u00e1bavn\u00fd po celou dobu. Program je p\u0159izp\u016fsoben \u0161irok\u00e9mu publiku a je zvl\u00e1\u0161t\u011b vhodn\u00fd pro akce zam\u011b\u0159en\u00e9 na seniory a komunitn\u00ed setk\u00e1n\u00ed, kde chcete navodit p\u0159\u00e1telskou a veselou atmosf\u00e9ru..<\/p>\t\t\t\t\t\t<\/div>\n\t\t\t\t<\/div>\n\t\t\t\t\t<\/div>\n\t\t<\/div>\n\t\t\t\t\t\t\t<\/div>\n\t\t<\/section>\n\t\t\t\t<section class=\"elementor-section elementor-top-section elementor-element elementor-element-0656827 elementor-section-boxed elementor-section-height-default elementor-section-height-default\" data-id=\"0656827\" data-element_type=\"section\">\n\t\t\t\t\t\t<div class=\"elementor-container elementor-column-gap-default\">\n\t\t\t\t\t<div class=\"elementor-column elementor-col-50 elementor-top-column elementor-element elementor-element-397397f\" data-id=\"397397f\" data-element_type=\"column\">\n\t\t\t<div class=\"elementor-widget-wrap elementor-element-populated\">\n\t\t\t\t\t\t\t\t<div class=\"elementor-element elementor-element-366a211 elementor-widget elementor-widget-spacer\" data-id=\"366a211\" data-element_type=\"widget\" data-widget_type=\"spacer.default\">\n\t\t\t\t<div class=\"elementor-widget-container\">\n\t\t\t\t\t<div class=\"elementor-spacer\">\n\t\t\t<div class=\"elementor-spacer-inner\"><\/div>\n\t\t<\/div>\n\t\t\t\t<\/div>\n\t\t\t\t<\/div>\n\t\t\t\t<div class=\"elementor-element elementor-element-a4eeeac elementor-widget elementor-widget-heading\" data-id=\"a4eeeac\" data-element_type=\"widget\" data-widget_type=\"heading.default\">\n\t\t\t\t<div class=\"elementor-widget-container\">\n\t\t\t<h3 class=\"elementor-heading-title elementor-size-default\">Vystoupen\u00ed pro ka\u017edou p\u0159\u00edle\u017eitost<\/h3>\t\t<\/div>\n\t\t\t\t<\/div>\n\t\t\t\t<div class=\"elementor-element elementor-element-52ef2ad elementor-widget elementor-widget-text-editor\" data-id=\"52ef2ad\" data-element_type=\"widget\" data-widget_type=\"text-editor.default\">\n\t\t\t\t<div class=\"elementor-widget-container\">\n\t\t\t\t\t\t\t<p>Imit\u00e1torsk\u00fd program V\u00e1clava Faltuse je ide\u00e1ln\u00ed volbou pro o\u017eiven\u00ed jak\u00e9koliv spole\u010densk\u00e9 ud\u00e1losti. A\u0165 u\u017e se jedn\u00e1 o firemn\u00ed ve\u010d\u00edrek, ples, sportovn\u00ed akci, nebo jin\u00e9 spole\u010densk\u00e9 setk\u00e1n\u00ed, jeho vystoupen\u00ed zaru\u010d\u00ed jedine\u010dnou atmosf\u00e9ru plnou humoru a dobr\u00e9 n\u00e1lady. D\u00edky \u0161irok\u00e9 \u0161k\u00e1le zn\u00e1m\u00fdch osobnost\u00ed, kter\u00e9 V\u00e1clav Faltus dok\u00e1\u017ee perfektn\u011b napodobit, se host\u00e9 budou bavit od za\u010d\u00e1tku do konce. Ka\u017ed\u00e9 vystoupen\u00ed je pe\u010dliv\u011b p\u0159izp\u016fsobeno konkr\u00e9tn\u00ed ud\u00e1losti a publiku, tak\u017ee se m\u016f\u017eete t\u011b\u0161it na jedine\u010dn\u00fd z\u00e1\u017eitek, kter\u00fd si va\u0161i host\u00e9 budou dlouho pamatovat. S V\u00e1clavem Faltusem m\u00e1te jistotu, \u017ee v\u00e1\u0161 ve\u010der bude nejen nezapomenuteln\u00fd, ale tak\u00e9 pln\u00fd sm\u00edchu a pozitivn\u00ed energie.<\/p><p>D\u00e9lka vystoupen\u00ed 20 &#8211; 30 minut.<\/p>\t\t\t\t\t\t<\/div>\n\t\t\t\t<\/div>\n\t\t\t\t\t<\/div>\n\t\t<\/div>\n\t\t\t\t<div class=\"elementor-column elementor-col-50 elementor-top-column elementor-element elementor-element-0983086\" data-id=\"0983086\" data-element_type=\"column\">\n\t\t\t<div class=\"elementor-widget-wrap elementor-element-populated\">\n\t\t\t\t\t\t\t\t<div class=\"elementor-element elementor-element-c6c2da0 elementor-widget elementor-widget-spacer\" data-id=\"c6c2da0\" data-element_type=\"widget\" data-widget_type=\"spacer.default\">\n\t\t\t\t<div class=\"elementor-widget-container\">\n\t\t\t\t\t<div class=\"elementor-spacer\">\n\t\t\t<div class=\"elementor-spacer-inner\"><\/div>\n\t\t<\/div>\n\t\t\t\t<\/div>\n\t\t\t\t<\/div>\n\t\t\t\t<div class=\"elementor-element elementor-element-9a6d453 elementor-widget elementor-widget-image\" data-id=\"9a6d453\" data-element_type=\"widget\" data-widget_type=\"image.default\">\n\t\t\t\t<div class=\"elementor-widget-container\">\n\t\t\t\t\t\t\t\t\t\t\t\t\t\t\t<img loading=\"lazy\" decoding=\"async\" width=\"1024\" height=\"680\" src=\"https:\/\/www.vaclavfaltus.cz\/wp-content\/uploads\/2022\/04\/10-1024x680.jpg\" class=\"attachment-large size-large\" alt=\"\" srcset=\"https:\/\/www.vaclavfaltus.cz\/wp-content\/uploads\/2022\/04\/10-1024x680.jpg 1024w, https:\/\/www.vaclavfaltus.cz\/wp-content\/uploads\/2022\/04\/10-300x199.jpg 300w, https:\/\/www.vaclavfaltus.cz\/wp-content\/uploads\/2022\/04\/10-768x510.jpg 768w, https:\/\/www.vaclavfaltus.cz\/wp-content\/uploads\/2022\/04\/10-1536x1021.jpg 1536w, https:\/\/www.vaclavfaltus.cz\/wp-content\/uploads\/2022\/04\/10-2048x1361.jpg 2048w\" sizes=\"auto, (max-width: 1024px) 100vw, 1024px\" \/>\t\t\t\t\t\t\t\t\t\t\t\t\t\t\t<\/div>\n\t\t\t\t<\/div>\n\t\t\t\t\t<\/div>\n\t\t<\/div>\n\t\t\t\t\t\t\t<\/div>\n\t\t<\/section>\n\t\t\t\t<section class=\"elementor-section elementor-top-section elementor-element elementor-element-3c8d0d9 elementor-section-boxed elementor-section-height-default elementor-section-height-default\" data-id=\"3c8d0d9\" data-element_type=\"section\">\n\t\t\t\t\t\t<div class=\"elementor-container elementor-column-gap-default\">\n\t\t\t\t\t<div class=\"elementor-column elementor-col-33 elementor-top-column elementor-element elementor-element-42dd3a9\" data-id=\"42dd3a9\" data-element_type=\"column\">\n\t\t\t<div class=\"elementor-widget-wrap elementor-element-populated\">\n\t\t\t\t\t\t\t\t<div class=\"elementor-element elementor-element-33580c3 elementor-widget elementor-widget-spacer\" data-id=\"33580c3\" data-element_type=\"widget\" data-widget_type=\"spacer.default\">\n\t\t\t\t<div class=\"elementor-widget-container\">\n\t\t\t\t\t<div class=\"elementor-spacer\">\n\t\t\t<div class=\"elementor-spacer-inner\"><\/div>\n\t\t<\/div>\n\t\t\t\t<\/div>\n\t\t\t\t<\/div>\n\t\t\t\t<div class=\"elementor-element elementor-element-c24c008 elementor-widget elementor-widget-image\" data-id=\"c24c008\" data-element_type=\"widget\" data-widget_type=\"image.default\">\n\t\t\t\t<div class=\"elementor-widget-container\">\n\t\t\t\t\t\t\t\t\t\t\t\t\t\t\t<img loading=\"lazy\" decoding=\"async\" width=\"1024\" height=\"576\" src=\"https:\/\/www.vaclavfaltus.cz\/wp-content\/uploads\/2022\/04\/bcg-1024x576.jpg\" class=\"attachment-large size-large\" alt=\"\" srcset=\"https:\/\/www.vaclavfaltus.cz\/wp-content\/uploads\/2022\/04\/bcg-1024x576.jpg 1024w, https:\/\/www.vaclavfaltus.cz\/wp-content\/uploads\/2022\/04\/bcg-300x169.jpg 300w, https:\/\/www.vaclavfaltus.cz\/wp-content\/uploads\/2022\/04\/bcg-768x432.jpg 768w, https:\/\/www.vaclavfaltus.cz\/wp-content\/uploads\/2022\/04\/bcg-1536x864.jpg 1536w, https:\/\/www.vaclavfaltus.cz\/wp-content\/uploads\/2022\/04\/bcg.jpg 1920w\" sizes=\"auto, (max-width: 1024px) 100vw, 1024px\" \/>\t\t\t\t\t\t\t\t\t\t\t\t\t\t\t<\/div>\n\t\t\t\t<\/div>\n\t\t\t\t\t<\/div>\n\t\t<\/div>\n\t\t\t\t<div class=\"elementor-column elementor-col-66 elementor-top-column elementor-element elementor-element-248e9cb\" data-id=\"248e9cb\" data-element_type=\"column\">\n\t\t\t<div class=\"elementor-widget-wrap elementor-element-populated\">\n\t\t\t\t\t\t\t\t<div class=\"elementor-element elementor-element-ed91465 elementor-widget elementor-widget-spacer\" data-id=\"ed91465\" data-element_type=\"widget\" data-widget_type=\"spacer.default\">\n\t\t\t\t<div class=\"elementor-widget-container\">\n\t\t\t\t\t<div class=\"elementor-spacer\">\n\t\t\t<div class=\"elementor-spacer-inner\"><\/div>\n\t\t<\/div>\n\t\t\t\t<\/div>\n\t\t\t\t<\/div>\n\t\t\t\t<div class=\"elementor-element elementor-element-f32f095 elementor-widget elementor-widget-heading\" data-id=\"f32f095\" data-element_type=\"widget\" data-widget_type=\"heading.default\">\n\t\t\t\t<div class=\"elementor-widget-container\">\n\t\t\t<h3 class=\"elementor-heading-title elementor-size-default\">Reklamn\u00ed spoty<\/h3>\t\t<\/div>\n\t\t\t\t<\/div>\n\t\t\t\t<div class=\"elementor-element elementor-element-feeb1ea elementor-widget elementor-widget-text-editor\" data-id=\"feeb1ea\" data-element_type=\"widget\" data-widget_type=\"text-editor.default\">\n\t\t\t\t<div class=\"elementor-widget-container\">\n\t\t\t\t\t\t\t<p>Pokud hled\u00e1te zp\u016fsob, jak svou firmu nebo produkt efektivn\u011b zviditelnit, V\u00e1clav Faltus V\u00e1m nab\u00edz\u00ed profesion\u00e1ln\u00ed slu\u017eby v oblasti v\u00fdroby reklamn\u00edch spot\u016f. Pom\u016f\u017eeme V\u00e1m vytvo\u0159it origin\u00e1ln\u00ed a poutavou reklamu, kter\u00e1 oslov\u00ed va\u0161e c\u00edlov\u00e9 publikum. D\u00edky dlouholet\u00fdm zku\u0161enostem v oblasti nahr\u00e1v\u00e1n\u00ed a st\u0159ihu zajist\u00edme, \u017ee v\u00e1\u0161 spot bude nejen kvalitn\u011b zpracov\u00e1n, ale tak\u00e9 zcela p\u0159izp\u016fsoben va\u0161im pot\u0159eb\u00e1m a p\u0159edstav\u00e1m. Spole\u010dn\u011b navrhneme koncept, nahrajeme pot\u0159ebn\u00fd materi\u00e1l a postar\u00e1me se o fin\u00e1ln\u00ed st\u0159ih, abyste z\u00edskali reklamn\u00ed spot, kter\u00fd p\u0159esn\u011b vystihuje va\u0161i zna\u010dku a zaujme z\u00e1kazn\u00edky.<\/p>\t\t\t\t\t\t<\/div>\n\t\t\t\t<\/div>\n\t\t\t\t\t<\/div>\n\t\t<\/div>\n\t\t\t\t\t\t\t<\/div>\n\t\t<\/section>\n\t\t\t\t<section class=\"elementor-section elementor-top-section elementor-element elementor-element-4279b45 elementor-section-boxed elementor-section-height-default elementor-section-height-default\" data-id=\"4279b45\" data-element_type=\"section\">\n\t\t\t\t\t\t<div class=\"elementor-container elementor-column-gap-default\">\n\t\t\t\t\t<div class=\"elementor-column elementor-col-66 elementor-top-column elementor-element elementor-element-6872c14\" data-id=\"6872c14\" data-element_type=\"column\">\n\t\t\t<div class=\"elementor-widget-wrap elementor-element-populated\">\n\t\t\t\t\t\t\t\t<div class=\"elementor-element elementor-element-1006fcb elementor-widget elementor-widget-spacer\" data-id=\"1006fcb\" data-element_type=\"widget\" data-widget_type=\"spacer.default\">\n\t\t\t\t<div class=\"elementor-widget-container\">\n\t\t\t\t\t<div class=\"elementor-spacer\">\n\t\t\t<div class=\"elementor-spacer-inner\"><\/div>\n\t\t<\/div>\n\t\t\t\t<\/div>\n\t\t\t\t<\/div>\n\t\t\t\t<div class=\"elementor-element elementor-element-437c89c elementor-widget elementor-widget-heading\" data-id=\"437c89c\" data-element_type=\"widget\" data-widget_type=\"heading.default\">\n\t\t\t\t<div class=\"elementor-widget-container\">\n\t\t\t<h3 class=\"elementor-heading-title elementor-size-default\">Telefonick\u00e9 blahop\u0159\u00e1n\u00ed - narozeninov\u00e1 nahr\u00e1vka<\/h3>\t\t<\/div>\n\t\t\t\t<\/div>\n\t\t\t\t<div class=\"elementor-element elementor-element-9c3951e elementor-widget elementor-widget-text-editor\" data-id=\"9c3951e\" data-element_type=\"widget\" data-widget_type=\"text-editor.default\">\n\t\t\t\t<div class=\"elementor-widget-container\">\n\t\t\t\t\t\t\t<div class=\"flex max-w-full flex-col flex-grow\"><div class=\"min-h-[20px] text-message flex w-full flex-col items-end gap-2 break-words [.text-message+&amp;]:mt-5 overflow-x-auto whitespace-pre-wrap\" dir=\"auto\" data-message-author-role=\"assistant\" data-message-id=\"db849d7a-f6dd-49c8-80fc-b68a562703b8\"><div class=\"flex w-full flex-col gap-1 empty:hidden first:pt-[3px]\"><div class=\"markdown prose w-full break-words dark:prose-invert light\"><p>P\u0159edstavte si, \u017ee oslavenec obdr\u017e\u00ed telefon\u00e1t od sv\u00e9 obl\u00edben\u00e9 osobnosti, jako je Karel Gott, V\u00e1clav Klaus, Ji\u0159ina Bohdalov\u00e1 nebo dokonce poh\u00e1dkov\u00e1 postava jako Hurv\u00ednek. V\u00e1clav Faltus v\u00e1m nab\u00edz\u00ed jedine\u010dnou mo\u017enost takov\u00e9 imitovan\u00e9 blahop\u0159\u00e1n\u00ed za\u0159\u00eddit. Sta\u010d\u00ed poskytnout pot\u0159ebn\u00e9 informace, a v\u00e1\u0161 zn\u00e1m\u00fd, kolega \u010di rodinn\u00fd p\u0159\u00edslu\u0161n\u00edk bude p\u0159ekvapen origin\u00e1ln\u00edm a nezapomenuteln\u00fdm narozeninov\u00fdm p\u0159\u00e1n\u00edm. P\u0159\u00edpadn\u011b v\u00e1m m\u016f\u017eeme vytvo\u0159it nahr\u00e1vku blahop\u0159\u00e1n\u00ed pro trvalou vzpom\u00ednku.<\/p><\/div><\/div><\/div><\/div>\t\t\t\t\t\t<\/div>\n\t\t\t\t<\/div>\n\t\t\t\t\t<\/div>\n\t\t<\/div>\n\t\t\t\t<div class=\"elementor-column elementor-col-33 elementor-top-column elementor-element elementor-element-ba0ced2\" data-id=\"ba0ced2\" data-element_type=\"column\">\n\t\t\t<div class=\"elementor-widget-wrap elementor-element-populated\">\n\t\t\t\t\t\t\t\t<div class=\"elementor-element elementor-element-861dca3 elementor-widget elementor-widget-spacer\" data-id=\"861dca3\" data-element_type=\"widget\" data-widget_type=\"spacer.default\">\n\t\t\t\t<div class=\"elementor-widget-container\">\n\t\t\t\t\t<div class=\"elementor-spacer\">\n\t\t\t<div class=\"elementor-spacer-inner\"><\/div>\n\t\t<\/div>\n\t\t\t\t<\/div>\n\t\t\t\t<\/div>\n\t\t\t\t<div class=\"elementor-element elementor-element-b594d52 elementor-widget elementor-widget-image\" data-id=\"b594d52\" data-element_type=\"widget\" data-widget_type=\"image.default\">\n\t\t\t\t<div class=\"elementor-widget-container\">\n\t\t\t\t\t\t\t\t\t\t\t\t\t\t\t<img loading=\"lazy\" decoding=\"async\" width=\"720\" height=\"360\" src=\"https:\/\/www.vaclavfaltus.cz\/wp-content\/uploads\/2022\/04\/734063_498999143469667_654242088_n.jpg\" class=\"attachment-large size-large\" alt=\"\" srcset=\"https:\/\/www.vaclavfaltus.cz\/wp-content\/uploads\/2022\/04\/734063_498999143469667_654242088_n.jpg 720w, https:\/\/www.vaclavfaltus.cz\/wp-content\/uploads\/2022\/04\/734063_498999143469667_654242088_n-300x150.jpg 300w\" sizes=\"auto, (max-width: 720px) 100vw, 720px\" \/>\t\t\t\t\t\t\t\t\t\t\t\t\t\t\t<\/div>\n\t\t\t\t<\/div>\n\t\t\t\t\t<\/div>\n\t\t<\/div>\n\t\t\t\t\t\t\t<\/div>\n\t\t<\/section>\n\t\t\t\t\t\t\t<\/div>\n\t\t","protected":false},"excerpt":{"rendered":"<p>Nab\u00eddka Imit\u00e1torsk\u00e1 show s kouzeln\u00edkem Co po\u0159ad obsahuje? V\u00e1clav Faltus \u2013 imit\u00e1tor a bavi\u010d:\u00a0Mistr imitace a humoru, kter\u00fd sv\u00fdmi dokonal\u00fdmi napodobeninami hlas\u016f zn\u00e1m\u00fdch osobnost\u00ed rozesm\u011bje publikum a p\u0159inese vzpom\u00ednky na obl\u00edben\u00e9 postavy z televizn\u00edch obrazovek a r\u00e1di\u00ed. Ale\u0161 Krej\u010d\u00ed \u2013 kouzeln\u00edk a iluzionista:\u00a0Zku\u0161en\u00fd kouzeln\u00edk V\u00e1s vt\u00e1hne do sv\u011bta iluz\u00ed a magie. Jeho triky osln\u00ed a &hellip;<\/p>\n<p class=\"read-more\"> <a class=\"\" href=\"https:\/\/www.vaclavfaltus.cz\/?page_id=24254\"> <span class=\"screen-reader-text\">Nab\u00eddka<\/span> Pokra\u010dovat ve \u010dten\u00ed &raquo;<\/a><\/p>\n","protected":false},"author":1,"featured_media":0,"parent":0,"menu_order":0,"comment_status":"closed","ping_status":"closed","template":"","meta":{"site-sidebar-layout":"no-sidebar","site-content-layout":"page-builder","ast-main-header-display":"","ast-hfb-above-header-display":"","ast-hfb-below-header-display":"","ast-hfb-mobile-header-display":"","site-post-title":"disabled","ast-breadcrumbs-content":"","ast-featured-img":"disabled","footer-sml-layout":"","theme-transparent-header-meta":"default","adv-header-id-meta":"","stick-header-meta":"","header-above-stick-meta":"","header-main-stick-meta":"","header-below-stick-meta":"","footnotes":""},"class_list":["post-24254","page","type-page","status-publish","hentry"],"_links":{"self":[{"href":"https:\/\/www.vaclavfaltus.cz\/index.php?rest_route=\/wp\/v2\/pages\/24254","targetHints":{"allow":["GET"]}}],"collection":[{"href":"https:\/\/www.vaclavfaltus.cz\/index.php?rest_route=\/wp\/v2\/pages"}],"about":[{"href":"https:\/\/www.vaclavfaltus.cz\/index.php?rest_route=\/wp\/v2\/types\/page"}],"author":[{"embeddable":true,"href":"https:\/\/www.vaclavfaltus.cz\/index.php?rest_route=\/wp\/v2\/users\/1"}],"replies":[{"embeddable":true,"href":"https:\/\/www.vaclavfaltus.cz\/index.php?rest_route=%2Fwp%2Fv2%2Fcomments&post=24254"}],"version-history":[{"count":44,"href":"https:\/\/www.vaclavfaltus.cz\/index.php?rest_route=\/wp\/v2\/pages\/24254\/revisions"}],"predecessor-version":[{"id":24760,"href":"https:\/\/www.vaclavfaltus.cz\/index.php?rest_route=\/wp\/v2\/pages\/24254\/revisions\/24760"}],"wp:attachment":[{"href":"https:\/\/www.vaclavfaltus.cz\/index.php?rest_route=%2Fwp%2Fv2%2Fmedia&parent=24254"}],"curies":[{"name":"wp","href":"https:\/\/api.w.org\/{rel}","templated":true}]}}