{"id":24462,"date":"2020-10-07T04:43:41","date_gmt":"2020-10-07T04:43:41","guid":{"rendered":"http:\/\/www.vaclavfaltus.cz\/?page_id=24462"},"modified":"2024-08-22T17:09:11","modified_gmt":"2024-08-22T17:09:11","slug":"home","status":"publish","type":"page","link":"https:\/\/www.vaclavfaltus.cz\/","title":{"rendered":"Dom\u016f"},"content":{"rendered":"\t\t<div data-elementor-type=\"wp-page\" data-elementor-id=\"24462\" class=\"elementor elementor-24462\">\n\t\t\t\t\t\t\t\t\t<section class=\"elementor-section elementor-top-section elementor-element elementor-element-c121a84 elementor-section-boxed elementor-section-height-default elementor-section-height-default\" data-id=\"c121a84\" data-element_type=\"section\">\n\t\t\t\t\t\t<div class=\"elementor-container elementor-column-gap-default\">\n\t\t\t\t\t<div class=\"elementor-column elementor-col-50 elementor-top-column elementor-element elementor-element-1da1329\" data-id=\"1da1329\" data-element_type=\"column\">\n\t\t\t<div class=\"elementor-widget-wrap elementor-element-populated\">\n\t\t\t\t\t\t\t\t<div class=\"elementor-element elementor-element-30878cf elementor-widget elementor-widget-spacer\" data-id=\"30878cf\" data-element_type=\"widget\" data-widget_type=\"spacer.default\">\n\t\t\t\t<div class=\"elementor-widget-container\">\n\t\t\t<style>\/*! elementor - v3.6.2 - 04-04-2022 *\/\n.e-container.e-container--row .elementor-spacer-inner{width:var(--spacer-size)}.e-container.e-container--column .elementor-spacer-inner,.elementor-column .elementor-spacer-inner{height:var(--spacer-size)}<\/style>\t\t<div class=\"elementor-spacer\">\n\t\t\t<div class=\"elementor-spacer-inner\"><\/div>\n\t\t<\/div>\n\t\t\t\t<\/div>\n\t\t\t\t<\/div>\n\t\t\t\t<div class=\"elementor-element elementor-element-9977b83 animated-slow elementor-invisible elementor-widget elementor-widget-image\" data-id=\"9977b83\" data-element_type=\"widget\" data-settings=\"{&quot;_animation&quot;:&quot;rollIn&quot;,&quot;_animation_delay&quot;:700}\" data-widget_type=\"image.default\">\n\t\t\t\t<div class=\"elementor-widget-container\">\n\t\t\t<style>\/*! elementor - v3.6.2 - 04-04-2022 *\/\n.elementor-widget-image{text-align:center}.elementor-widget-image a{display:inline-block}.elementor-widget-image a img[src$=\".svg\"]{width:48px}.elementor-widget-image img{vertical-align:middle;display:inline-block}<\/style>\t\t\t\t\t\t\t\t\t\t\t\t<img loading=\"lazy\" decoding=\"async\" width=\"1024\" height=\"683\" src=\"https:\/\/www.vaclavfaltus.cz\/wp-content\/uploads\/2022\/04\/12-1024x683.jpg\" class=\"attachment-large size-large\" alt=\"\" srcset=\"https:\/\/www.vaclavfaltus.cz\/wp-content\/uploads\/2022\/04\/12-1024x683.jpg 1024w, https:\/\/www.vaclavfaltus.cz\/wp-content\/uploads\/2022\/04\/12-300x200.jpg 300w, https:\/\/www.vaclavfaltus.cz\/wp-content\/uploads\/2022\/04\/12-768x512.jpg 768w, https:\/\/www.vaclavfaltus.cz\/wp-content\/uploads\/2022\/04\/12-1536x1024.jpg 1536w, https:\/\/www.vaclavfaltus.cz\/wp-content\/uploads\/2022\/04\/12-2048x1366.jpg 2048w\" sizes=\"auto, (max-width: 1024px) 100vw, 1024px\" \/>\t\t\t\t\t\t\t\t\t\t\t\t\t\t\t<\/div>\n\t\t\t\t<\/div>\n\t\t\t\t\t<\/div>\n\t\t<\/div>\n\t\t\t\t<div class=\"elementor-column elementor-col-50 elementor-top-column elementor-element elementor-element-0a1a47a\" data-id=\"0a1a47a\" data-element_type=\"column\">\n\t\t\t<div class=\"elementor-widget-wrap elementor-element-populated\">\n\t\t\t\t\t\t\t\t<div class=\"elementor-element elementor-element-649120b elementor-widget elementor-widget-spacer\" data-id=\"649120b\" data-element_type=\"widget\" data-widget_type=\"spacer.default\">\n\t\t\t\t<div class=\"elementor-widget-container\">\n\t\t\t\t\t<div class=\"elementor-spacer\">\n\t\t\t<div class=\"elementor-spacer-inner\"><\/div>\n\t\t<\/div>\n\t\t\t\t<\/div>\n\t\t\t\t<\/div>\n\t\t\t\t<div class=\"elementor-element elementor-element-d771794 elementor-invisible elementor-widget elementor-widget-heading\" data-id=\"d771794\" data-element_type=\"widget\" data-settings=\"{&quot;_animation&quot;:&quot;rotateInDownRight&quot;}\" data-widget_type=\"heading.default\">\n\t\t\t\t<div class=\"elementor-widget-container\">\n\t\t\t<style>\/*! elementor - v3.6.2 - 04-04-2022 *\/\n.elementor-heading-title{padding:0;margin:0;line-height:1}.elementor-widget-heading .elementor-heading-title[class*=elementor-size-]>a{color:inherit;font-size:inherit;line-height:inherit}.elementor-widget-heading .elementor-heading-title.elementor-size-small{font-size:15px}.elementor-widget-heading .elementor-heading-title.elementor-size-medium{font-size:19px}.elementor-widget-heading .elementor-heading-title.elementor-size-large{font-size:29px}.elementor-widget-heading .elementor-heading-title.elementor-size-xl{font-size:39px}.elementor-widget-heading .elementor-heading-title.elementor-size-xxl{font-size:59px}<\/style><h2 class=\"elementor-heading-title elementor-size-default\">Imit\u00e1tor V\u00e1clav Faltus<\/h2>\t\t<\/div>\n\t\t\t\t<\/div>\n\t\t\t\t<div class=\"elementor-element elementor-element-41b147f elementor-widget elementor-widget-text-editor\" data-id=\"41b147f\" data-element_type=\"widget\" data-widget_type=\"text-editor.default\">\n\t\t\t\t<div class=\"elementor-widget-container\">\n\t\t\t<style>\/*! elementor - v3.6.2 - 04-04-2022 *\/\n.elementor-widget-text-editor.elementor-drop-cap-view-stacked .elementor-drop-cap{background-color:#818a91;color:#fff}.elementor-widget-text-editor.elementor-drop-cap-view-framed .elementor-drop-cap{color:#818a91;border:3px solid;background-color:transparent}.elementor-widget-text-editor:not(.elementor-drop-cap-view-default) .elementor-drop-cap{margin-top:8px}.elementor-widget-text-editor:not(.elementor-drop-cap-view-default) .elementor-drop-cap-letter{width:1em;height:1em}.elementor-widget-text-editor .elementor-drop-cap{float:left;text-align:center;line-height:1;font-size:50px}.elementor-widget-text-editor .elementor-drop-cap-letter{display:inline-block}<\/style>\t\t\t\t<p>V\u00edtejte na ofici\u00e1ln\u00edch str\u00e1nk\u00e1ch V\u00e1clava Faltuse, jednoho z p\u0159edn\u00edch \u010desk\u00fdch imit\u00e1tor\u016f a bavi\u010d\u016f! S v\u00edce ne\u017e 30 lety zku\u0161enost\u00ed v oboru p\u0159in\u00e1\u0161\u00edm jedine\u010dn\u00e1 vystoupen\u00ed, kter\u00e1 bav\u00ed publikum v\u0161ech v\u011bkov\u00fdch kategori\u00ed.\u00a0<\/p><p>Specializuji se na imitace zn\u00e1m\u00fdch osobnost\u00ed, kter\u00e9 o\u017eiv\u00ed ka\u017ed\u00fd spole\u010densk\u00fd ve\u010d\u00edrek, firemn\u00ed akci nebo slavnostn\u00ed p\u0159\u00edle\u017eitost.\u00a0<\/p><p>A\u0165 u\u017e hled\u00e1te vtipn\u00e9 vystoupen\u00ed, origin\u00e1ln\u00ed blahop\u0159\u00e1n\u00ed nebo profesion\u00e1ln\u00ed nahr\u00e1vku reklamn\u00edho spotu, jste na spr\u00e1vn\u00e9m m\u00edst\u011b. Nechte se vt\u00e1hnout do sv\u011bta humoru a z\u00e1bavy a objevte, jak m\u016f\u017ee b\u00fdt va\u0161e ud\u00e1lost d\u00edky m\u00e9mu programu nezapomenuteln\u00e1!<\/p>\t\t\t\t\t\t<\/div>\n\t\t\t\t<\/div>\n\t\t\t\t\t<\/div>\n\t\t<\/div>\n\t\t\t\t\t\t\t<\/div>\n\t\t<\/section>\n\t\t\t\t<section class=\"elementor-section elementor-top-section elementor-element elementor-element-1f2d50b elementor-section-boxed elementor-section-height-default elementor-section-height-default\" data-id=\"1f2d50b\" data-element_type=\"section\">\n\t\t\t\t\t\t<div class=\"elementor-container elementor-column-gap-default\">\n\t\t\t\t\t<div class=\"elementor-column elementor-col-100 elementor-top-column elementor-element elementor-element-2bc5dc2\" data-id=\"2bc5dc2\" data-element_type=\"column\">\n\t\t\t<div class=\"elementor-widget-wrap elementor-element-populated\">\n\t\t\t\t\t\t\t\t<div class=\"elementor-element elementor-element-7073172 elementor-widget elementor-widget-spacer\" data-id=\"7073172\" data-element_type=\"widget\" data-widget_type=\"spacer.default\">\n\t\t\t\t<div class=\"elementor-widget-container\">\n\t\t\t\t\t<div class=\"elementor-spacer\">\n\t\t\t<div class=\"elementor-spacer-inner\"><\/div>\n\t\t<\/div>\n\t\t\t\t<\/div>\n\t\t\t\t<\/div>\n\t\t\t\t\t<\/div>\n\t\t<\/div>\n\t\t\t\t\t\t\t<\/div>\n\t\t<\/section>\n\t\t\t\t\t\t\t<\/div>\n\t\t","protected":false},"excerpt":{"rendered":"<p>Imit\u00e1tor V\u00e1clav Faltus V\u00edtejte na ofici\u00e1ln\u00edch str\u00e1nk\u00e1ch V\u00e1clava Faltuse, jednoho z p\u0159edn\u00edch \u010desk\u00fdch imit\u00e1tor\u016f a bavi\u010d\u016f! S v\u00edce ne\u017e 30 lety zku\u0161enost\u00ed v oboru p\u0159in\u00e1\u0161\u00edm jedine\u010dn\u00e1 vystoupen\u00ed, kter\u00e1 bav\u00ed publikum v\u0161ech v\u011bkov\u00fdch kategori\u00ed.\u00a0 Specializuji se na imitace zn\u00e1m\u00fdch osobnost\u00ed, kter\u00e9 o\u017eiv\u00ed ka\u017ed\u00fd spole\u010densk\u00fd ve\u010d\u00edrek, firemn\u00ed akci nebo slavnostn\u00ed p\u0159\u00edle\u017eitost.\u00a0 A\u0165 u\u017e hled\u00e1te vtipn\u00e9 vystoupen\u00ed, origin\u00e1ln\u00ed &hellip;<\/p>\n<p class=\"read-more\"> <a class=\"\" href=\"https:\/\/www.vaclavfaltus.cz\/\"> <span class=\"screen-reader-text\">Dom\u016f<\/span> Pokra\u010dovat ve \u010dten\u00ed &raquo;<\/a><\/p>\n","protected":false},"author":1,"featured_media":0,"parent":0,"menu_order":0,"comment_status":"closed","ping_status":"closed","template":"","meta":{"site-sidebar-layout":"no-sidebar","site-content-layout":"page-builder","ast-main-header-display":"","ast-hfb-above-header-display":"","ast-hfb-below-header-display":"","ast-hfb-mobile-header-display":"","site-post-title":"disabled","ast-breadcrumbs-content":"","ast-featured-img":"disabled","footer-sml-layout":"","theme-transparent-header-meta":"default","adv-header-id-meta":"","stick-header-meta":"","header-above-stick-meta":"","header-main-stick-meta":"","header-below-stick-meta":"","footnotes":""},"class_list":["post-24462","page","type-page","status-publish","hentry"],"_links":{"self":[{"href":"https:\/\/www.vaclavfaltus.cz\/index.php?rest_route=\/wp\/v2\/pages\/24462","targetHints":{"allow":["GET"]}}],"collection":[{"href":"https:\/\/www.vaclavfaltus.cz\/index.php?rest_route=\/wp\/v2\/pages"}],"about":[{"href":"https:\/\/www.vaclavfaltus.cz\/index.php?rest_route=\/wp\/v2\/types\/page"}],"author":[{"embeddable":true,"href":"https:\/\/www.vaclavfaltus.cz\/index.php?rest_route=\/wp\/v2\/users\/1"}],"replies":[{"embeddable":true,"href":"https:\/\/www.vaclavfaltus.cz\/index.php?rest_route=%2Fwp%2Fv2%2Fcomments&post=24462"}],"version-history":[{"count":120,"href":"https:\/\/www.vaclavfaltus.cz\/index.php?rest_route=\/wp\/v2\/pages\/24462\/revisions"}],"predecessor-version":[{"id":24761,"href":"https:\/\/www.vaclavfaltus.cz\/index.php?rest_route=\/wp\/v2\/pages\/24462\/revisions\/24761"}],"wp:attachment":[{"href":"https:\/\/www.vaclavfaltus.cz\/index.php?rest_route=%2Fwp%2Fv2%2Fmedia&parent=24462"}],"curies":[{"name":"wp","href":"https:\/\/api.w.org\/{rel}","templated":true}]}}